{"id":8859,"date":"2019-05-21T13:07:36","date_gmt":"2019-05-21T12:07:36","guid":{"rendered":"http:\/\/www.wrv-rudern.de\/?page_id=8859"},"modified":"2026-01-04T18:24:09","modified_gmt":"2026-01-04T17:24:09","slug":"termineuebersicht","status":"publish","type":"page","link":"http:\/\/www.wrv-rudern.de\/?page_id=8859","title":{"rendered":"Termin\u00fcbersicht"},"content":{"rendered":"\r\n<p>&nbsp;<\/p>\r\n<p><strong>Termine 2026<\/strong><\/p>\r\n\r\n\r\n\r\n<table class=\"wp-block-table\">\r\n<tbody>\r\n<tr>\r\n<td>J<strong>anuar<br><\/strong><\/td>\r\n<td>07.01.<\/td>\r\n<td>\r\n<p>Trainingsbeginn<\/p>\r\n<p>Neujahrstreffen FZG<\/p>\r\n<\/td>\r\n<\/tr>\r\n<tr>\r\n<td>&nbsp;<\/td>\r\n<td>10.01.<\/td>\r\n<td>Winterwanderung&nbsp;<\/td>\r\n<\/tr>\r\n<tr>\r\n<td>&nbsp;<\/td>\r\n<td>\r\n<p>24.01.<\/p>\r\n<p>31.01.-06.02..<\/p>\r\n<\/td>\r\n<td>\r\n<p>Mitteldeutsche Ergomeisterschaften ab AK 14, Bitterfeld<\/p>\r\n<p>Winterlager (Skilanglauf)<\/p>\r\n<\/td>\r\n<\/tr>\r\n<tr>\r\n<td><strong>Februar<\/strong><\/td>\r\n<td>14.02.<\/td>\r\n<td>Stadtwerke- Ergometermeisterschaften Wei\u00dfenfels<\/td>\r\n<\/tr>\r\n<tr>\r\n<td>&nbsp;<\/td>\r\n<td style=\"text-align: left;\">16.02.<\/td>\r\n<td>\r\n<p style=\"text-align: left;\">Rosenmontagsausfahrt FZG<\/p>\r\n<\/td>\r\n<\/tr>\r\n<tr>\r\n<td>&nbsp;<\/td>\r\n<td>21.02.<\/td>\r\n<td>Ergometer- und Athletiktest v. AK 10-13 RU-SA in Magdeburg<\/td>\r\n<\/tr>\r\n<tr>\r\n<td>\r\n<p><strong>M\u00e4rz<\/strong><\/p>\r\n<p>&nbsp;<\/p>\r\n<\/td>\r\n<td>\r\n<p>14.03.<\/p>\r\n<p>14.03.<\/p>\r\n<p>21.03.<\/p>\r\n<\/td>\r\n<td>\r\n<p>Kreis- Kinder- und jugendspiele Athletik Wei\u00dfenfels<\/p>\r\n<p>Waldlauf Dessau<\/p>\r\n<p>Arbeitseinsatz WRV<\/p>\r\n<\/td>\r\n<\/tr>\r\n<tr>\r\n<td>&nbsp;<\/td>\r\n<td>27.03.-02.04.<\/td>\r\n<td>Ferienfreizeit in Zschornewitz<\/td>\r\n<\/tr>\r\n<tr>\r\n<td><strong>April<\/strong><\/td>\r\n<td>09.04.&nbsp;<\/td>\r\n<td>Jahreshauptversammlung WRV<\/td>\r\n<\/tr>\r\n<tr>\r\n<td>&nbsp;<\/td>\r\n<td>11.04.<\/td>\r\n<td>Anrudern<\/td>\r\n<\/tr>\r\n<tr>\r\n<td>&nbsp;<\/td>\r\n<td>18.04.<\/td>\r\n<td>Langstrecke Leipzig<\/td>\r\n<\/tr>\r\n<tr>\r\n<td>&nbsp;<\/td>\r\n<td>25.04.<\/td>\r\n<td>Regatta Zschornewitz<\/td>\r\n<\/tr>\r\n<tr>\r\n<td><strong>Mai<\/strong><\/td>\r\n<td>\r\n<p>01.05.<\/p>\r\n<\/td>\r\n<td>\r\n<p>Wanderfahrt nach Naumburg<\/p>\r\n<\/td>\r\n<\/tr>\r\n<tr>\r\n<td>&nbsp;<\/td>\r\n<td>02.05.<\/td>\r\n<td>Bernburger Regatta<\/td>\r\n<\/tr>\r\n<tr>\r\n<td>&nbsp;<\/td>\r\n<td>22.-30.05.<\/td>\r\n<td>Vogalonga<\/td>\r\n<\/tr>\r\n<tr>\r\n<td>&nbsp;<\/td>\r\n<td>\r\n<p>25.05.-30.05.<\/p>\r\n<\/td>\r\n<td>\r\n<p>Ferienfreizeit Prieros<\/p>\r\n<\/td>\r\n<\/tr>\r\n<tr>\r\n<td>J<strong>uni<\/strong><\/td>\r\n<td>06.06.<\/td>\r\n<td>Vorbereitung Landesmeisterschaft<\/td>\r\n<\/tr>\r\n<tr>\r\n<td>&nbsp;<\/td>\r\n<td>12.-14.06.<\/td>\r\n<td>Landesmeisterschaft Sachsen-Anhalt in Zschornewitz<\/td>\r\n<\/tr>\r\n<tr>\r\n<td>&nbsp;<\/td>\r\n<td>25.06.-28.06.<\/td>\r\n<td>Vorbereitung Bundeswettbewerb in Zschornewitz (AK 13\/14 nach Quali.<\/td>\r\n<\/tr>\r\n<tr>\r\n<td><strong>Juli<\/strong><\/td>\r\n<td>02.-05.07.<\/td>\r\n<td>Bundeswettbewerb M\u00fcnster<\/td>\r\n<\/tr>\r\n<tr>\r\n<td>&nbsp;<\/td>\r\n<td>26.-30.07.<\/td>\r\n<td>Wanderfahrt Norwegen<\/td>\r\n<\/tr>\r\n<tr>\r\n<td><strong>August<\/strong><\/td>\r\n<td>08.-13.08.<\/td>\r\n<td>Zeltlager in Zschornewitz<\/td>\r\n<\/tr>\r\n<tr>\r\n<td>&nbsp;<\/td>\r\n<td>17.08.<\/td>\r\n<td>Trainingsbeginn nach den Sommerferien<\/td>\r\n<\/tr>\r\n<tr>\r\n<td>&nbsp;<\/td>\r\n<td>21.-22.08.<\/td>\r\n<td>Trainingswochenende ZRC-Vorbereitung Villach<\/td>\r\n<\/tr>\r\n<tr>\r\n<td>&nbsp;<\/td>\r\n<td>\r\n<p>29.08.<\/p>\r\n<\/td>\r\n<td>\r\n<p>Vereinsfest WRV mit Kreis-Kinder- und Jugendspielen<\/p>\r\n<\/td>\r\n<\/tr>\r\n<tr>\r\n<td>&nbsp;<\/td>\r\n<td>30.08.<\/td>\r\n<td>Schlossfestumzug<\/td>\r\n<\/tr>\r\n<tr>\r\n<td>&nbsp;<\/td>\r\n<td>&nbsp;<\/td>\r\n<td>&nbsp;<\/td>\r\n<\/tr>\r\n<tr>\r\n<td>Se<strong>ptember<\/strong><\/td>\r\n<td>03.09.-06.09.<\/td>\r\n<td>International Villach-Regatta<\/td>\r\n<\/tr>\r\n<tr>\r\n<td>&nbsp;<\/td>\r\n<td>12.09.<\/td>\r\n<td>Regatta Werder<\/td>\r\n<\/tr>\r\n<tr>\r\n<td>&nbsp;<\/td>\r\n<td>19.09.<\/td>\r\n<td>Einertest f\u00fcr alle AK 10-14 Technikstufe 2 in Zschornewitz<\/td>\r\n<\/tr>\r\n<tr>\r\n<td>&nbsp;<\/td>\r\n<td>26.-27.09.<\/td>\r\n<td>Regatta Hannover<\/td>\r\n<\/tr>\r\n<tr>\r\n<td><strong>Oktober<\/strong><\/td>\r\n<td>03.10.<\/td>\r\n<td>\r\n<p>Landesleistungskader \u00dcberpr\u00fcfung in Brandenburg, AK 12-16<\/p>\r\n<p>Wanderfahrt nach Naumburg FZG<\/p>\r\n<\/td>\r\n<\/tr>\r\n<tr>\r\n<td>&nbsp;<\/td>\r\n<td>17.10.-22.10.<\/td>\r\n<td>Ferienfreizeit in Zschornewitz<\/td>\r\n<\/tr>\r\n<tr>\r\n<td>&nbsp;<\/td>\r\n<td>23.10.-25.10.<\/td>\r\n<td>\u00dcbungsleiter&nbsp; Fahrt<\/td>\r\n<\/tr>\r\n<tr>\r\n<td>&nbsp;<\/td>\r\n<td>31.10.<\/td>\r\n<td>Halloween-Rudern<\/td>\r\n<\/tr>\r\n<tr>\r\n<td><strong>November<\/strong><\/td>\r\n<td>&nbsp;<\/td>\r\n<td>Langstrecken-Regatta in Leipzig<\/td>\r\n<\/tr>\r\n<tr>\r\n<td>&nbsp;<\/td>\r\n<td>07.11.<\/td>\r\n<td>\u00dcbungsleiter-Weiterbildung in Wittenberg<\/td>\r\n<\/tr>\r\n<tr>\r\n<td>&nbsp;<\/td>\r\n<td>14.11.<\/td>\r\n<td>Arbeitseinsatz\/Jahresabschluss WRV<\/td>\r\n<\/tr>\r\n<tr>\r\n<td>&nbsp;<\/td>\r\n<td>20.11.<\/td>\r\n<td>Skatabend-WRV<\/td>\r\n<\/tr>\r\n<tr>\r\n<td><strong>Dezember<\/strong><\/td>\r\n<td>06.12.<\/td>\r\n<td>Nikolaus-Rudern<\/td>\r\n<\/tr>\r\n<tr>\r\n<td>&nbsp;<\/td>\r\n<td>18.12.<\/td>\r\n<td>Weihnachtsfeier der WRV Ruderjugend<\/td>\r\n<\/tr>\r\n<tr>\r\n<td>&nbsp;<\/td>\r\n<td>19.12.<\/td>\r\n<td>Weihnachtsrudern<\/td>\r\n<\/tr>\r\n<tr>\r\n<td>&nbsp;<\/td>\r\n<td>26.12.<\/td>\r\n<td>Fr\u00fchschoppen<\/td>\r\n<\/tr>\r\n<tr>\r\n<td>&nbsp;<\/td>\r\n<td>&nbsp;<\/td>\r\n<td>&nbsp;<\/td>\r\n<\/tr>\r\n<tr>\r\n<td>&nbsp;<\/td>\r\n<td>&nbsp;<\/td>\r\n<td><strong>Termin\u00e4nderungen aktuell auf www.wrv-sport.de<\/strong><\/td>\r\n<\/tr>\r\n<tr>\r\n<td>&nbsp;<\/td>\r\n<td>&nbsp;<\/td>\r\n<td>&nbsp;<\/td>\r\n<\/tr>\r\n<\/tbody>\r\n<\/table>\r\n\r\n\r\n\r\n<div>\r\n<div>\r\n<p><strong>\u00c4nderungen vorbehalten. Weitere Termine werden zeitnah bekanntgegeben. Bitte beachtet die Termine in der privaten Urlaubsplanung!<\/strong><\/p>\r\n<\/div>\r\n<\/div>\r\n","protected":false},"excerpt":{"rendered":"<p>&nbsp; Termine 2026 Januar 07.01. Trainingsbeginn Neujahrstreffen FZG &nbsp; 10.01. Winterwanderung&nbsp; &nbsp; 24.01. 31.01.-06.02.. Mitteldeutsche Ergomeisterschaften ab AK 14, Bitterfeld Winterlager (Skilanglauf) Februar 14.02. Stadtwerke- Ergometermeisterschaften Wei\u00dfenfels &nbsp; 16.02. Rosenmontagsausfahrt FZG &nbsp; 21.02. Ergometer- und Athletiktest v. AK 10-13 RU-SA in Magdeburg M\u00e4rz &nbsp; 14.03. 14.03. 21.03. Kreis- Kinder- und jugendspiele Athletik Wei\u00dfenfels Waldlauf Dessau [&hellip;]<\/p>\n","protected":false},"author":13,"featured_media":0,"parent":8856,"menu_order":1,"comment_status":"closed","ping_status":"closed","template":"","meta":{"ngg_post_thumbnail":0,"footnotes":""},"class_list":["post-8859","page","type-page","status-publish","hentry"],"_links":{"self":[{"href":"http:\/\/www.wrv-rudern.de\/index.php?rest_route=\/wp\/v2\/pages\/8859","targetHints":{"allow":["GET"]}}],"collection":[{"href":"http:\/\/www.wrv-rudern.de\/index.php?rest_route=\/wp\/v2\/pages"}],"about":[{"href":"http:\/\/www.wrv-rudern.de\/index.php?rest_route=\/wp\/v2\/types\/page"}],"author":[{"embeddable":true,"href":"http:\/\/www.wrv-rudern.de\/index.php?rest_route=\/wp\/v2\/users\/13"}],"replies":[{"embeddable":true,"href":"http:\/\/www.wrv-rudern.de\/index.php?rest_route=%2Fwp%2Fv2%2Fcomments&post=8859"}],"version-history":[{"count":33,"href":"http:\/\/www.wrv-rudern.de\/index.php?rest_route=\/wp\/v2\/pages\/8859\/revisions"}],"predecessor-version":[{"id":12431,"href":"http:\/\/www.wrv-rudern.de\/index.php?rest_route=\/wp\/v2\/pages\/8859\/revisions\/12431"}],"up":[{"embeddable":true,"href":"http:\/\/www.wrv-rudern.de\/index.php?rest_route=\/wp\/v2\/pages\/8856"}],"wp:attachment":[{"href":"http:\/\/www.wrv-rudern.de\/index.php?rest_route=%2Fwp%2Fv2%2Fmedia&parent=8859"}],"curies":[{"name":"wp","href":"https:\/\/api.w.org\/{rel}","templated":true}]}}