{"id":8830,"date":"2023-01-07T15:00:09","date_gmt":"2023-01-07T14:00:09","guid":{"rendered":"http:\/\/www.wrv-rudern.de\/?page_id=8830"},"modified":"2023-01-09T10:16:53","modified_gmt":"2023-01-09T09:16:53","slug":"traditionen-und-vereinsleben-1","status":"publish","type":"page","link":"http:\/\/www.wrv-rudern.de\/?page_id=8830","title":{"rendered":"Traditionen und Vereinsleben"},"content":{"rendered":"<p>Seit der Wiedergr\u00fcndung des WRV im Jahre 1990 wurde neben der rein rudersportlichen Vereinst\u00e4tigkeit gro\u00dfer Wert auf das Aufleben alter Vereinstraditionen sowie auf die Entwicklung eines vielseitigen und interessanten Vereinslebens gelegt.<\/p>\n<p><span style=\"font-size: 1rem;\">So sind Anrudern und das j\u00e4hrlich stattfindende Vereinsfest H\u00f6hepunkte des Ruderjahres. Dabei gewinnt die vereinsinterne Regatta immer mehr an Bedeutung, k\u00f6nnen doch hier vor allem die j\u00fcngsten Aktiven den Verwandten und Freunden ihr rudertechnisches K\u00f6nnen unter Wettbewerbsbedingungen demonstrieren. Besondere &#8222;Leckerbissen&#8220; sind die Rennen zwischen &#8222;Altherren&#8220;- Achter und Jungmann- Vierer.&nbsp;<\/span><\/p>\n<p>Die Anfang Januar durchgef\u00fchrte Winterwanderung erfreut sich bei Mitgliedern und Freunden des WRV wachsender Beliebtheit. Die Teilnehmerzahlen \u00fcbersteigen oftmals die hunderter Grenze.<\/p>\n<p>Regen Zuspruch fand der Vereinsfasching. Sch\u00f6n w\u00e4re es, wenn er eine Wiederbelebung findet.<\/p>\n<p>Zu einem weiteren Traditionsereignis ist der im Februar stattfindende, vereinsinterne Ruderergometer- Cup geworden. Er tr\u00e4gt zur guten Vorbereitung auf die neue Rudersaison bei und gibt gleichzeitig einen gewissen Aufschluss \u00fcber die Wirksamkeit des individuellen Wintertrainings.<\/p>\n<p>Bei der Darstellung der Aktivit\u00e4ten des Vereins darf selbstverst\u00e4ndlich nicht unerw\u00e4hnt bleiben, dass bei Arbeitseins\u00e4tzen (z.B. Fr\u00fchjahrsputz, Bootspflege) viele freiwilligen Arbeitsstunden geleistet wurden. Diese sichern, dass das Bootshaus, Bootshausgel\u00e4nde und Ruderger\u00e4te funktionsf\u00e4hig bleiben.<\/p>\n<p>Traditionell wird im November das Skatturnier und am 2. Weihnachtsfeiertag ein Fr\u00fchschoppen durchgef\u00fchrt. &nbsp;<\/p>\n<p>Wanderruderer treffen sich zum w\u00f6chentlichen Donnerstagsstammtisch. Bei letzterem wird selbstverst\u00e4ndlich in alten Erinnerungen &#8222;gekramt&#8220; und &#8222;hohe Politik&#8220; \u00fcber Verein, Kommune und Staat betrieben. Da die Wanderruderer in den Wintermonaten nicht aufs Wasser gehen, wird als sportlicher Ausgleich gekegelt.<\/p>\n<p>Die alte Rudersaison wird durch einen Herbstarbeitseinsatz mit der Winterfestmachung des Bootshauses offiziell beendet. Am Abend dieses Tages findet im Saal des Bootshauses ein gemeinsamer kulinarische Themenabend statt. Dabei werden Erinnerungen in Wort und Bild an das vergangene Ruderjahr ausgetauscht.<\/p>\n<p>Um an eine weitere Tradition des Vereins anzukn\u00fcpfen, erscheint seit 1993 wieder eine Vereinszeitung. Sie ist in erster Linie nicht nur als aktuelle Berichterstattung zu sehen, sondern als Protokoll der Vereinsgeschehnisse. Sie stellt eine Form der Vereinschronik dar. Dieses Ziel verfolgten im Wesentlichen auch die Herausgeber der ersten Vereinszeitung 1921. Diese ehemalige Zeitung wurde Ende der 30er Jahre eingestellt. In den Kriegsjahren erschienen nur &#8222;Monatliche Vereinsnachrichten&#8220; (mit Schreibmaschine geschrieben).<\/p>\n<p>Neben der Vereinszeitung ist das Vereinsleben heute auch in den modernen Medien zu verfolgen. Die Homepage des WRV ver\u00f6ffentlicht aktuelle Informationen, Ergebnislisten von Wettk\u00e4mpfen oder ruft zur Teilnahme an Aktivit\u00e4ten auf. Diese Mitteilungen sind unter der Rubrik \u201eNEWS\u201c zu finden.&nbsp;<\/p>\n<p>Mit diesen und weiteren nicht genannten Veranstaltungen gelang und gelingt es, Alt und Jung des Vereins, Renn- und Wanderruderer, Eltern der Ruderjugend, Freunde und F\u00f6rderer des Vereins zusammenzuf\u00fchren und somit den Gemeinschaftssinn zu aktivieren.<\/p>\n<p>Auf unseren Ruderverein ein dreifaches<\/p>\n<p>\u201eHIPP, HIPP, HURRA!!!\u201c<\/p>\n","protected":false},"excerpt":{"rendered":"<p>Seit der Wiedergr\u00fcndung des WRV im Jahre 1990 wurde neben der rein rudersportlichen Vereinst\u00e4tigkeit gro\u00dfer Wert auf das Aufleben alter Vereinstraditionen sowie auf die Entwicklung eines vielseitigen und interessanten Vereinslebens gelegt. So sind Anrudern und das j\u00e4hrlich stattfindende Vereinsfest H\u00f6hepunkte des Ruderjahres. Dabei gewinnt die vereinsinterne Regatta immer mehr an Bedeutung, k\u00f6nnen doch hier vor [&hellip;]<\/p>\n","protected":false},"author":13,"featured_media":0,"parent":0,"menu_order":12,"comment_status":"closed","ping_status":"closed","template":"","meta":{"ngg_post_thumbnail":0,"footnotes":""},"class_list":["post-8830","page","type-page","status-publish","hentry"],"_links":{"self":[{"href":"http:\/\/www.wrv-rudern.de\/index.php?rest_route=\/wp\/v2\/pages\/8830","targetHints":{"allow":["GET"]}}],"collection":[{"href":"http:\/\/www.wrv-rudern.de\/index.php?rest_route=\/wp\/v2\/pages"}],"about":[{"href":"http:\/\/www.wrv-rudern.de\/index.php?rest_route=\/wp\/v2\/types\/page"}],"author":[{"embeddable":true,"href":"http:\/\/www.wrv-rudern.de\/index.php?rest_route=\/wp\/v2\/users\/13"}],"replies":[{"embeddable":true,"href":"http:\/\/www.wrv-rudern.de\/index.php?rest_route=%2Fwp%2Fv2%2Fcomments&post=8830"}],"version-history":[{"count":5,"href":"http:\/\/www.wrv-rudern.de\/index.php?rest_route=\/wp\/v2\/pages\/8830\/revisions"}],"predecessor-version":[{"id":10310,"href":"http:\/\/www.wrv-rudern.de\/index.php?rest_route=\/wp\/v2\/pages\/8830\/revisions\/10310"}],"wp:attachment":[{"href":"http:\/\/www.wrv-rudern.de\/index.php?rest_route=%2Fwp%2Fv2%2Fmedia&parent=8830"}],"curies":[{"name":"wp","href":"https:\/\/api.w.org\/{rel}","templated":true}]}}