{"id":8820,"date":"2019-05-20T20:42:18","date_gmt":"2019-05-20T19:42:18","guid":{"rendered":"http:\/\/www.wrv-rudern.de\/?page_id=8820"},"modified":"2023-01-08T16:11:25","modified_gmt":"2023-01-08T15:11:25","slug":"wanderrudern-1","status":"publish","type":"page","link":"http:\/\/www.wrv-rudern.de\/?page_id=8820","title":{"rendered":"Wanderrudern"},"content":{"rendered":"<p>Der Rudersport besteht jedoch nicht nur aus Training und Wettkampf, sondern bietet auch als Wanderrudern eine aktive Erholung. Dieses Wanderrudern wurde und wird von vielen Mitgliedern jahrelang, von manchen jahrzehntelang betrieben.<\/p>\n<p><img loading=\"lazy\" decoding=\"async\" src=\"wp-content\/uploads\/2011\/08\/wanderr_alt.jpg\" alt=\"\" width=\"386\" height=\"270\" border=\"0\"><\/p>\n<p>Dass das Wanderrudern sich bei den Wei\u00dfenfelser Ruderern besonderer Beliebtheit erfreute, ist wohl auch daran zu messen, dass die Sektion mehrmals den gro\u00dfen Wanderruderwettbewerb im DDR-Ma\u00dfstab gewann. Waren es 1957 nur 4 Mitglieder, welche die Bedingungen des Wettbewerbes erf\u00fcllten, steigerte sich deren Anzahl in den 80er Jahren auf \u00fcber 50 Mitglieder.<\/p>\n<p>Bereits 1952 erf\u00fcllte die Ruderkameradin Margot Thomas (1913-1995) als erste Wei\u00dfenfelser Ruderin die Bedingungen des Wettbewerbes. Margot Thomas war seit dem 15. April 1936 Mitglied unseres Vereins und bis ins hohe Alter aktive Ruderin. F\u00fcr ihre mehr als 50-j\u00e4hrige Mitgliedschaft in einem dem Deutschen Ruderverband angeschlossenen Verein wurde ihr 1993 die Goldene Ehrennadel des DRV verliehen.<\/p>\n<table border=\"0\" cellspacing=\"0\" cellpadding=\"0\" align=\"left\">\n<tbody>\n<tr>\n<td><img loading=\"lazy\" decoding=\"async\" src=\"wp-content\/uploads\/2011\/08\/wrudern_neu2.jpg\" alt=\"\" width=\"326\" height=\"218\" border=\"0\"><\/td>\n<\/tr>\n<\/tbody>\n<\/table>\n<p>Au\u00dfer Margot Thomas w\u00e4ren noch viele Mitglieder zu nennen, die dem Wanderrudern besonders fr\u00f6nten. Stellvertretend seien die Ruderkameraden Eberhard G\u00fcnther und Otto-Ernst Hecker genannt, die ebenso wie Margot Thomas mehrfach die j\u00e4hrlichen Wanderruderbedingungen erf\u00fcllten. Mit Otto-Ernst Hecker nahm 1966 erstmalig ein Wei\u00dfenfelser Ruderkamerad an einer Wanderfahrt au\u00dferhalb der DDR teil: Strecke Prag-Dresden in der damaligen CSSR.<\/p>\n<p>Hauptwandergebiete waren die Saale von Naumburg bis Calbe, die Elbe, die Unstrut und die Berliner Gew\u00e4sser. Bei einigen Wanderfahrten konnten auch die Mecklenburger, Potsdamer und Masurischen Seen, die Oder, die Weichsel und die Moldau erkundet werden. So wurden z.B. in den Jahren 1955 bis 1960 Pfingstfahrten von Artern bis Wei\u00dfenfels bzw. von Wei\u00dfenfels bis Magdeburg unter Leitung von Wei\u00dfenfelser Ruderern durchgef\u00fchrt.<\/p>\n<p>Im Juli 1958 wurde erstmals eine Wochenendfahrt auf der Saaletalsperre mit 17 Sportlern organisiert und damit auch dieses Revier f\u00fcr den Wei\u00dfenfelser Rudersport erschlossen.<\/p>\n<p>&nbsp;<\/p>\n<p><img loading=\"lazy\" decoding=\"async\" src=\"wp-content\/uploads\/2011\/08\/wrudern_neu1.jpg\" alt=\"\" width=\"350\" height=\"231\" border=\"0\"><\/p>\n<p>Wanderruderfahrten am Donnerstag oder Freitag zur \u00d6blitzschleuse oder j\u00e4hrliche Fahrten im Oktober nach Freyburg wurden zur Wei\u00dfenfelser Rudertradition.<\/p>\n","protected":false},"excerpt":{"rendered":"<p>Der Rudersport besteht jedoch nicht nur aus Training und Wettkampf, sondern bietet auch als Wanderrudern eine aktive Erholung. Dieses Wanderrudern wurde und wird von vielen Mitgliedern jahrelang, von manchen jahrzehntelang betrieben. Dass das Wanderrudern sich bei den Wei\u00dfenfelser Ruderern besonderer Beliebtheit erfreute, ist wohl auch daran zu messen, dass die Sektion mehrmals den gro\u00dfen Wanderruderwettbewerb [&hellip;]<\/p>\n","protected":false},"author":13,"featured_media":0,"parent":0,"menu_order":9,"comment_status":"closed","ping_status":"closed","template":"","meta":{"ngg_post_thumbnail":0,"footnotes":""},"class_list":["post-8820","page","type-page","status-publish","hentry"],"_links":{"self":[{"href":"http:\/\/www.wrv-rudern.de\/index.php?rest_route=\/wp\/v2\/pages\/8820","targetHints":{"allow":["GET"]}}],"collection":[{"href":"http:\/\/www.wrv-rudern.de\/index.php?rest_route=\/wp\/v2\/pages"}],"about":[{"href":"http:\/\/www.wrv-rudern.de\/index.php?rest_route=\/wp\/v2\/types\/page"}],"author":[{"embeddable":true,"href":"http:\/\/www.wrv-rudern.de\/index.php?rest_route=\/wp\/v2\/users\/13"}],"replies":[{"embeddable":true,"href":"http:\/\/www.wrv-rudern.de\/index.php?rest_route=%2Fwp%2Fv2%2Fcomments&post=8820"}],"version-history":[{"count":4,"href":"http:\/\/www.wrv-rudern.de\/index.php?rest_route=\/wp\/v2\/pages\/8820\/revisions"}],"predecessor-version":[{"id":10299,"href":"http:\/\/www.wrv-rudern.de\/index.php?rest_route=\/wp\/v2\/pages\/8820\/revisions\/10299"}],"wp:attachment":[{"href":"http:\/\/www.wrv-rudern.de\/index.php?rest_route=%2Fwp%2Fv2%2Fmedia&parent=8820"}],"curies":[{"name":"wp","href":"https:\/\/api.w.org\/{rel}","templated":true}]}}