{"id":8813,"date":"2019-05-20T20:40:11","date_gmt":"2019-05-20T19:40:11","guid":{"rendered":"http:\/\/www.wrv-rudern.de\/?page_id=8813"},"modified":"2023-01-09T15:04:16","modified_gmt":"2023-01-09T14:04:16","slug":"rennrudern-teil-ii-1","status":"publish","type":"page","link":"http:\/\/www.wrv-rudern.de\/?page_id=8813","title":{"rendered":"Rennrudern Teil II"},"content":{"rendered":"<p>In den Jahren von 1950 bis 1989 konnte eine Vielzahl von Rennen im DDR- Rudersport (DDR-Meisterschaften, Bezirksmeisterschaften, Kinder- und Jugendspartakiaden) gewonnen werden. Das war ein Zeugnis f\u00fcr die kontinuierliche, gute Trainingsarbeit, f\u00fcr beste Nachwuchsf\u00f6rderung und f\u00fcr den Flei\u00df und die Disziplin der Rennruderinnen und -ruderer.<\/p>\n<p>Eine vollst\u00e4ndige \u00dcbersicht der Ergebnisse, Siege und Platzierungen in unz\u00e4hligen Regatten dieser Jahre w\u00fcrde den Rahmen sprengen. Aus der gro\u00dfen Schar der Ruderinnen und Ruderer, die zum hohen Ansehen des Wei\u00dfenfelser Rudersportes beitrugen, sollen zwei sehr erfolgreiche M\u00e4dchen genannt werden:<\/p>\n<p>Jutta Schenk, geb. Ploch,<\/p>\n<ul>\n<li>1977&nbsp; DDR-Spartakiade JFA1x 1.Platz<\/li>\n<li>1978&nbsp; Junioren- Weltmeisterschaft JFA4x 1. Platz<\/li>\n<li>1980&nbsp; Olympische Spiele Moskau Doppelvierer Gold<\/li>\n<li>1981&nbsp; Weltmeisterschaft Doppelvierer 2.Platz<\/li>\n<li>1982&nbsp; Weltmeisterschaft Doppelvierer 2.Platz<\/li>\n<li>1983&nbsp; Weltmeisterschaft Doppelzweier 1.Platz&nbsp;<\/li>\n<\/ul>\n<p><a href=\"http:\/\/www.wrv-rudern.de\/wp-content\/uploads\/2023\/01\/Jutta.jpg\"><img loading=\"lazy\" decoding=\"async\" class=\"alignnone wp-image-10350\" src=\"http:\/\/www.wrv-rudern.de\/wp-content\/uploads\/2023\/01\/Jutta-300x161.jpg\" alt=\"\" width=\"467\" height=\"251\" srcset=\"http:\/\/www.wrv-rudern.de\/wp-content\/uploads\/2023\/01\/Jutta-300x161.jpg 300w, http:\/\/www.wrv-rudern.de\/wp-content\/uploads\/2023\/01\/Jutta.jpg 428w\" sizes=\"auto, (max-width: 467px) 100vw, 467px\" \/><\/a><\/p>\n<p>Gewinner der Goldmedaille bei den XXII. Olympischen Spielen 1980 in Moskau:<br \/>\nRoswitha Zobelt, Jutta Lau, Sybille Reinhardt, Jutta Ploch, Stf. Liane Buhr<\/p>\n<p>und Sabine Portius<\/p>\n<ul>\n<li>1982&nbsp; Weltmeisterschaft Achter 3. Platz<\/li>\n<li>1983 Weltmeisterschaft Achter 3. Platz<\/li>\n<\/ul>\n<p>Auf der Grundlage der guten Nachwuchsarbeit in Wei\u00dfenfels war es m\u00f6glich, besonders talentierte Kinder und Jugendliche an Sportschulen oder Sportclubs zu delegieren, um ihnen bessere Trainings- und damit Entwicklungsm\u00f6glichkeiten zu sichern. Einer von ihnen war 1982 Ruderkamerad und Ehrenmitglied des Vereins Andreas Hajek, heute zweifacher Olympiasieger und mehrfacher Weltmeister.<\/p>\n<p><img loading=\"lazy\" decoding=\"async\" src=\"wp-content\/uploads\/2011\/08\/abschied_hajek.jpg\" alt=\"\" width=\"389\" height=\"284\" border=\"0\"><\/p>\n<div class=\"caption\">Verabschiedung von Andreas Hajek durch E. G\u00fcnther zur KJS Halle<\/div>\n<div>&nbsp;<\/div>\n<ul>\n<li>1985&nbsp; Junioren Weltmeisterschaft JMA1x 1.Platz<\/li>\n<li>1986&nbsp; Weltmeisterschaft M2x 3.Platz<\/li>\n<li>1988&nbsp; Olympische Spiele Seoul Ersatzmann<\/li>\n<li>1989&nbsp; Weltmeisterschaft M4x 4.Platz<\/li>\n<li>1990&nbsp; Weltmeisterschaft M1x 5.Platz<\/li>\n<li>1991&nbsp; Weltmeisterschaft M4x 4.Platz<\/li>\n<li>1992&nbsp; Olympische Spiele Barcelona M4x Gold<\/li>\n<li>1993&nbsp; Weltmeisterschaft M4x 1.Platz<\/li>\n<li>1994&nbsp; Weltmeisterschaft M4x 3.Platz<\/li>\n<li>1995&nbsp; Weltmeisterschaft M4x 2.Platz<\/li>\n<li>1996&nbsp; Olympische Spiele Atlanta M4x Gold<\/li>\n<li>1997&nbsp; Weltmeisterschaft M2x 1.Platz<\/li>\n<li>1998&nbsp; Weltmeisterschaft M2x 1.Platz<\/li>\n<li>1999&nbsp; Weltmeisterschaft M4x 1.Platz<\/li>\n<li>2000&nbsp; Olympische Spiele Sydney M4x Bronze<\/li>\n<li>2001&nbsp; Weltmeisterschaft M4x 1.Platz<\/li>\n<li>2002&nbsp; Weltmeisterschaft M2x 3.Platz<\/li>\n<li>2003&nbsp; Weltmeisterschaft 17.Platz<\/li>\n<\/ul>\n<div>&nbsp;<\/div>\n<div>\n<p>F\u00fcr die Farben des WRV ruderten auch die Junioren Carsten K\u00fcttner und Mario Reim sehr erfolgreich: Sie erk\u00e4mpften im Doppelzweier bei den Junioren- Weltmeisterschaften 1988 die Silbermedaille und 1989 die Bronzemedaille.<\/p>\n<\/div>\n","protected":false},"excerpt":{"rendered":"<p>In den Jahren von 1950 bis 1989 konnte eine Vielzahl von Rennen im DDR- Rudersport (DDR-Meisterschaften, Bezirksmeisterschaften, Kinder- und Jugendspartakiaden) gewonnen werden. Das war ein Zeugnis f\u00fcr die kontinuierliche, gute Trainingsarbeit, f\u00fcr beste Nachwuchsf\u00f6rderung und f\u00fcr den Flei\u00df und die Disziplin der Rennruderinnen und -ruderer. Eine vollst\u00e4ndige \u00dcbersicht der Ergebnisse, Siege und Platzierungen in unz\u00e4hligen [&hellip;]<\/p>\n","protected":false},"author":13,"featured_media":0,"parent":0,"menu_order":7,"comment_status":"closed","ping_status":"closed","template":"","meta":{"ngg_post_thumbnail":0,"footnotes":""},"class_list":["post-8813","page","type-page","status-publish","hentry"],"_links":{"self":[{"href":"http:\/\/www.wrv-rudern.de\/index.php?rest_route=\/wp\/v2\/pages\/8813","targetHints":{"allow":["GET"]}}],"collection":[{"href":"http:\/\/www.wrv-rudern.de\/index.php?rest_route=\/wp\/v2\/pages"}],"about":[{"href":"http:\/\/www.wrv-rudern.de\/index.php?rest_route=\/wp\/v2\/types\/page"}],"author":[{"embeddable":true,"href":"http:\/\/www.wrv-rudern.de\/index.php?rest_route=\/wp\/v2\/users\/13"}],"replies":[{"embeddable":true,"href":"http:\/\/www.wrv-rudern.de\/index.php?rest_route=%2Fwp%2Fv2%2Fcomments&post=8813"}],"version-history":[{"count":8,"href":"http:\/\/www.wrv-rudern.de\/index.php?rest_route=\/wp\/v2\/pages\/8813\/revisions"}],"predecessor-version":[{"id":10353,"href":"http:\/\/www.wrv-rudern.de\/index.php?rest_route=\/wp\/v2\/pages\/8813\/revisions\/10353"}],"wp:attachment":[{"href":"http:\/\/www.wrv-rudern.de\/index.php?rest_route=%2Fwp%2Fv2%2Fmedia&parent=8813"}],"curies":[{"name":"wp","href":"https:\/\/api.w.org\/{rel}","templated":true}]}}