{"id":8803,"date":"2019-05-20T20:37:03","date_gmt":"2019-05-20T19:37:03","guid":{"rendered":"http:\/\/www.wrv-rudern.de\/?page_id=8803"},"modified":"2023-01-09T14:05:35","modified_gmt":"2023-01-09T13:05:35","slug":"planung-und-bau-des-heutigen-bootshauses-2","status":"publish","type":"page","link":"http:\/\/www.wrv-rudern.de\/?page_id=8803","title":{"rendered":"Planung und Bau des heutigen Bootshauses"},"content":{"rendered":"<p><strong>1919 &#8211; 1933<\/strong><\/p>\n<p>Da das Bootshaus zu klein geworden und das Rudern durch Schleusen und starken Gondelverkehr innerhalb des Stadtbereiches gehemmt war, wurde 1919 beschlossen, ein neues Bootshaus au\u00dferhalb der Stadt in der N\u00e4he von Beuditz zu bauen. Ein ca. 17000m\u00b2 gro\u00dfes Gel\u00e4nde am Beuditzer Hang wurde gekauft und in den folgenden Jahren durch umfangreiche Erdarbeiten in harter freiwilliger Arbeit durch die Vereinsmitglieder f\u00fcr den Bau des Bootshauses erschlossen.<\/p>\n<p>1920 Herr Fritz Kuntze stellte sein Amt als 1. Vorsitzender aus gesundheitlichen Gr\u00fcnden zur Verf\u00fcgung, er wird zum Ehrenvorsitzenden ernannt. Zum 1. Vorsitzenden wird Herr Georg Oppel und zum 2. Vorsitzenden Herr Fritz F\u00fclle gew\u00e4hlt. Es wurde beschlossen, eine eigene Vereinszeitung herauszugeben.<\/p>\n<p><img loading=\"lazy\" decoding=\"async\" style=\"font-size: 1rem;\" src=\"wp-content\/uploads\/2011\/08\/grundstein.jpg\" alt=\"\" width=\"423\" height=\"266\" border=\"0\"><\/p>\n<div class=\"caption\">\n<ol>\n<li>September 1921: Feierliche Grundsteinlegung f\u00fcr das heutige Bootshaus<\/li>\n<\/ol>\n<p>F\u00fcr den Bootshausbaufonds wurde eifrig gespart. Jedes Mitglied musste Umlagen zahlen und Anteilscheine zeichnen.<\/p>\n<p>1921 erschien erstmalig die Vereinszeitung.<br \/>\nDas im Neubau der Oberschule, heutiges Goethe- Gymnasium, eigebaute Ruder- Bassin wurde in Benutzung genommen.<\/p>\n<\/div>\n<table align=\"right\">\n<tbody>\n<tr>\n<td><img loading=\"lazy\" decoding=\"async\" src=\"wp-content\/uploads\/2011\/08\/beschluss.jpg\" alt=\"\" width=\"368\" height=\"248\" border=\"0\"><\/td>\n<\/tr>\n<\/tbody>\n<\/table>\n<p>Auf Vorschlag des 1. Vorsitzenden wurde in einer au\u00dferordentlichen Versammlung beschlossen, dass in Beuditz gelegene Gartenrestaurant \u201eHeiterer Blick\u201c k\u00e4uflich zu erwerben. Die erheblichen Mittel dazu wurden durch freudige Opferbereitschaft vieler Mitglieder und durch den Neubaufonds beschafft. Da das neuerworbene Grundst\u00fcck in der N\u00e4he des gekauften Beuditzer Hanges lag, wird der Plan erwogen, vorl\u00e4ufig am Hang nur einen Bootsschuppen zu erbauen und im \u201eHeiteren Blick\u201c ein Klubzimmer einzurichten. Der Festsaal war dort schon vorhanden.<\/p>\n<p>Am 1.September 1921 fand die feierliche Grundsteinlegung zu dem heutigen Bootshaus statt. Urkunden, Zeitungen, Geldst\u00fccke und Geldscheine, in einer Kassette verwahrt, wurden in den Grundstein eingemauert. Eifrig wurde am Steilhang gehackt: Arbeitsdienst wird f\u00fcr alle Aktiven eingef\u00fchrt, w\u00f6chentlich vier Stunden, die vom Aufsichtf\u00fchrenden bescheinigt werden. Sogar die Trainingsleute hackten nach dem Rudern noch t\u00fcchtig mit.<\/p>\n<p>1923 Nach langer Beratung wurde beschlossen, nicht nur den Bootschuppen, sondern das ganze Bootshaus nach den Pl\u00e4nen des Vereinsmitgliedes Stadtarchitekt Boy Paysen zu erbauen. Das Grundst\u00fcck \u201eHeiterer Blick\u201c wurde wiederverkauft. Der Erl\u00f6s wurde zum Bootshausneubau mit verwendet, der dadurch nun beschleunigt ausgef\u00fchrt werden konnte. Umfangreiche Erdarbeiten waren zu bew\u00e4ltigen. Der zum Teil felsige Untergrund musste gesprengt werden. Das alte Bootshaus in der Leipziger Stra\u00dfe wurde abgebrochen, da das Material beim Neubau verwendet werden sollte.<\/p>\n<p>Am 6.September 1923 fand die erste Vereinssitzung in dem fertiggestellten neuen Klubzimmer des Bootshauses feierlich statt.<\/p>\n<p><img loading=\"lazy\" decoding=\"async\" src=\"wp-content\/uploads\/2011\/08\/bh_weihe.jpg\" alt=\"\" width=\"418\" height=\"279\" border=\"0\"><\/p>\n<div class=\"caption\">18. Mai 1924: Weihe des neuen, nunmehr dritten Bootshauses des WRV<\/div>\n<div>&nbsp;<\/div>\n<p>1924 Der Neubau wurde energisch gef\u00f6rdert. Der alte Saal im \u201eHeiteren Blick\u201c wurde abgebrochen, um das Material zu verwenden. Da die gesamte Dachkonstruktion beim Neubau benutzt werden sollte, hatte der geplagte Architekt Paysen so manche schwere Stunde durchzuk\u00e4mpfen. Unter Bew\u00e4ltigung vieler Schwierigkeiten, der Inflation und des Materialmangels z.B. Zement, Steine, Eisen etc. konnte der Bau zu Ende gef\u00fchrt werden.<\/p>\n<p>Am 18. Mai 1924 fand die feierliche Weihe des neuen Bootshauses unter Beteiligung der staatlichen und st\u00e4dtischen Beh\u00f6rden, der Kartellvereine und vieler Vertreter befreundeter und benachbarter Rudervereine statt. Damit war eine gute Basis f\u00fcr die weitere Entwicklung des Rudersportes in Wei\u00dfenfels und Umgebung geschaffen. In sp\u00e4teren Jahren wurden eine Betonst\u00fctzmauer gegen Erdrutsch (1926), eine Steinstufentreppe am Hang Beuditz (1927) und die St\u00fctzmauer l\u00e4ngs des Bootshauses (1928) gebaut.<\/p>\n<p>1927 wurde ein Gel\u00e4nde von ca. 2800 m\u00b2 oberhalb des Bootshauses gekauft, um dem WRV f\u00fcr sp\u00e4ter Ausdehnungsm\u00f6glichkeiten zu sichern.<\/p>\n<p>1933 besa\u00df der Verein 23 Boote. Der Wettkampfsport wurde weiter ausgebaut. Wei\u00dfenfelser Ruderer siegten auf nationalen Regatten 150 mal.<\/p>\n<p>&nbsp;<\/p>\n","protected":false},"excerpt":{"rendered":"<p>1919 &#8211; 1933 Da das Bootshaus zu klein geworden und das Rudern durch Schleusen und starken Gondelverkehr innerhalb des Stadtbereiches gehemmt war, wurde 1919 beschlossen, ein neues Bootshaus au\u00dferhalb der Stadt in der N\u00e4he von Beuditz zu bauen. Ein ca. 17000m\u00b2 gro\u00dfes Gel\u00e4nde am Beuditzer Hang wurde gekauft und in den folgenden Jahren durch umfangreiche [&hellip;]<\/p>\n","protected":false},"author":13,"featured_media":0,"parent":0,"menu_order":4,"comment_status":"closed","ping_status":"closed","template":"","meta":{"ngg_post_thumbnail":0,"footnotes":""},"class_list":["post-8803","page","type-page","status-publish","hentry"],"_links":{"self":[{"href":"http:\/\/www.wrv-rudern.de\/index.php?rest_route=\/wp\/v2\/pages\/8803","targetHints":{"allow":["GET"]}}],"collection":[{"href":"http:\/\/www.wrv-rudern.de\/index.php?rest_route=\/wp\/v2\/pages"}],"about":[{"href":"http:\/\/www.wrv-rudern.de\/index.php?rest_route=\/wp\/v2\/types\/page"}],"author":[{"embeddable":true,"href":"http:\/\/www.wrv-rudern.de\/index.php?rest_route=\/wp\/v2\/users\/13"}],"replies":[{"embeddable":true,"href":"http:\/\/www.wrv-rudern.de\/index.php?rest_route=%2Fwp%2Fv2%2Fcomments&post=8803"}],"version-history":[{"count":6,"href":"http:\/\/www.wrv-rudern.de\/index.php?rest_route=\/wp\/v2\/pages\/8803\/revisions"}],"predecessor-version":[{"id":10336,"href":"http:\/\/www.wrv-rudern.de\/index.php?rest_route=\/wp\/v2\/pages\/8803\/revisions\/10336"}],"wp:attachment":[{"href":"http:\/\/www.wrv-rudern.de\/index.php?rest_route=%2Fwp%2Fv2%2Fmedia&parent=8803"}],"curies":[{"name":"wp","href":"https:\/\/api.w.org\/{rel}","templated":true}]}}