{"id":8793,"date":"2019-05-20T20:30:07","date_gmt":"2019-05-20T19:30:07","guid":{"rendered":"http:\/\/www.wrv-rudern.de\/?page_id=8793"},"modified":"2023-01-09T14:04:27","modified_gmt":"2023-01-09T13:04:27","slug":"neues-bootshaus-und-frauenabteilung-als-neuerung-1","status":"publish","type":"page","link":"http:\/\/www.wrv-rudern.de\/?page_id=8793","title":{"rendered":"Neues Bootshaus und Frauenabteilung als Neuerung"},"content":{"rendered":"<p><strong>1901 &#8211; 1918<\/strong><\/p>\n<p><a href=\"http:\/\/www.wrv-rudern.de\/wp-content\/uploads\/2023\/01\/1901-Bootshaus.jpg\"><img loading=\"lazy\" decoding=\"async\" class=\"alignnone  wp-image-10334\" src=\"http:\/\/www.wrv-rudern.de\/wp-content\/uploads\/2023\/01\/1901-Bootshaus-300x187.jpg\" alt=\"\" width=\"572\" height=\"357\" srcset=\"http:\/\/www.wrv-rudern.de\/wp-content\/uploads\/2023\/01\/1901-Bootshaus-300x187.jpg 300w, http:\/\/www.wrv-rudern.de\/wp-content\/uploads\/2023\/01\/1901-Bootshaus.jpg 421w\" sizes=\"auto, (max-width: 572px) 100vw, 572px\" \/><\/a><\/p>\n<p>Da sich das Bootshaus als zu klein erwies und Hochwasser oft Schwierigkeiten bereiteten (die Saaletalsperre gab es noch nicht), entschloss man sich, ein neues Bootshaus mit Dusch- und Umkleider\u00e4umen im gepachteten Garten des Grundst\u00fccks Leipziger Stra\u00dfe 66 zu bauen. Auch das neue Bootshaus bestand aus Holz. Vor einer ger\u00e4umigen Bootshalle war ein gef\u00e4lliger Vorbau mit je einer Veranda im Parterre und im 1. Stock. Das ger\u00e4umige Klubzimmer befand sich im 1. Stock, die Dusch- und Umkleider\u00e4ume hinter der Bootshalle. Am 22. September 1901 wurde es in Anwesenheit vieler G\u00e4ste und Ruderfreunden aus nah und fern seiner Bestimmung \u00fcbergeben. 1901 hatte der Ruderverein 13 Boote und 67 Mitglieder.<\/p>\n<p>1900 wurde das Ruderkartell gegr\u00fcndet, dem zun\u00e4chst folgende Rudervereinigungen angeh\u00f6rten:<br \/>\nBerliner Ruder- Club \u201cSport-Borussia\u201c, Berlin<br \/>\nRuder- Club Dessau<br \/>\nRuder- Club \u201eNelson\u201c Halle<br \/>\nLeipziger Ruder- Club Gr\u00fcnau von 1866<\/p>\n<p>Im Sommer 1902 besuchte dieses Ruderkartell den Wei\u00dfenfelser Ruderverein, um mit ihm den&nbsp; 2. Kartelltag festlich zu begehen. Dieses Ereignis war der Anlass, dass auch der WRV als f\u00fcnfter Verein dem Kartell beitrat. Der Wahlspruch des Freundschaftsbundes der Ruderer lautete: \u201eFreundschaft und Kameradschaft sei\u2019s Panier\u201c. In diesem Sinne fanden bis Anfang der drei\u00dfiger Jahre j\u00e4hrlich Kartelltage mit wechselndem Versammlungsort statt, die stets gro\u00dfer Zustimmung fanden und die Freundschaft zwischen den Rudergemeinschaften vertieften.<\/p>\n<p>1904 wurde vom Ruder- Club \u201eSport-Borussia\u201c Berlin ein Rennachter preiswert gekauft und feierlich in den Bootstand \u00fcbernommen. Zur Lagerung des Bootes musste die Bootshalle zum Teil erweitert werden. Im Jahre 1910 wurde eine Sch\u00fcler- Abteilung gegr\u00fcndet. Herr Studienrat Genzel (heutige 4- Kilometermarke: \u201eGenzelsruh\u201c) f\u00f6rderte mit viel Geschick, Lust und Liebe das Sch\u00fclerrudern.<\/p>\n<p>1911 wurde eine Frauen- Ruder- Abteilung ins Leben gerufen. Die Damen ruderten in blauen R\u00f6cken, wei\u00dfen Blusen mit \u00c4rmeln bis zum Handgelenk und langen Str\u00fcmpfen. Sie wurden oft von der Bev\u00f6lkerung verspottet.<\/p>\n<p><img loading=\"lazy\" decoding=\"async\" src=\"wp-content\/uploads\/2011\/08\/ruderinnen.jpg\" alt=\"\" width=\"441\" height=\"244\" border=\"0\"><\/p>\n<div class=\"caption\">Wei\u00dfenfelser Rennruderinnen im Riemenvierer<\/div>\n","protected":false},"excerpt":{"rendered":"<p>1901 &#8211; 1918 Da sich das Bootshaus als zu klein erwies und Hochwasser oft Schwierigkeiten bereiteten (die Saaletalsperre gab es noch nicht), entschloss man sich, ein neues Bootshaus mit Dusch- und Umkleider\u00e4umen im gepachteten Garten des Grundst\u00fccks Leipziger Stra\u00dfe 66 zu bauen. Auch das neue Bootshaus bestand aus Holz. Vor einer ger\u00e4umigen Bootshalle war ein [&hellip;]<\/p>\n","protected":false},"author":13,"featured_media":0,"parent":0,"menu_order":3,"comment_status":"closed","ping_status":"closed","template":"","meta":{"ngg_post_thumbnail":0,"footnotes":""},"class_list":["post-8793","page","type-page","status-publish","hentry"],"_links":{"self":[{"href":"http:\/\/www.wrv-rudern.de\/index.php?rest_route=\/wp\/v2\/pages\/8793","targetHints":{"allow":["GET"]}}],"collection":[{"href":"http:\/\/www.wrv-rudern.de\/index.php?rest_route=\/wp\/v2\/pages"}],"about":[{"href":"http:\/\/www.wrv-rudern.de\/index.php?rest_route=\/wp\/v2\/types\/page"}],"author":[{"embeddable":true,"href":"http:\/\/www.wrv-rudern.de\/index.php?rest_route=\/wp\/v2\/users\/13"}],"replies":[{"embeddable":true,"href":"http:\/\/www.wrv-rudern.de\/index.php?rest_route=%2Fwp%2Fv2%2Fcomments&post=8793"}],"version-history":[{"count":6,"href":"http:\/\/www.wrv-rudern.de\/index.php?rest_route=\/wp\/v2\/pages\/8793\/revisions"}],"predecessor-version":[{"id":10335,"href":"http:\/\/www.wrv-rudern.de\/index.php?rest_route=\/wp\/v2\/pages\/8793\/revisions\/10335"}],"wp:attachment":[{"href":"http:\/\/www.wrv-rudern.de\/index.php?rest_route=%2Fwp%2Fv2%2Fmedia&parent=8793"}],"curies":[{"name":"wp","href":"https:\/\/api.w.org\/{rel}","templated":true}]}}