{"id":8791,"date":"2019-05-20T20:29:21","date_gmt":"2019-05-20T19:29:21","guid":{"rendered":"http:\/\/www.wrv-rudern.de\/?page_id=8791"},"modified":"2023-01-09T13:57:26","modified_gmt":"2023-01-09T12:57:26","slug":"hoehen-und-tiefen-des-vereins-in-den-ersten-jahren-1","status":"publish","type":"page","link":"http:\/\/www.wrv-rudern.de\/?page_id=8791","title":{"rendered":"H\u00f6hen und Tiefen des Vereins in den ersten Jahren"},"content":{"rendered":"<p>1886 &#8211; 1900<\/p>\n<p>Im Jahr 1886 startete in Wei\u00dfenfels die erste Regatta, bei der 2 Siege durch einheimische Ruderer im Gig-Zweier gegen Calbe und im Rennvierer gegen Halle errungen wurden.<\/p>\n<p>Am 5. August 1886 trat der Verein dem Deutschen Ruderverband bei.<\/p>\n<p><img loading=\"lazy\" decoding=\"async\" src=\"wp-content\/uploads\/2011\/08\/4er_alt.jpg\" alt=\"\" width=\"425\" height=\"253\" border=\"0\"><\/p>\n<div class=\"caption\">Vierer in stolzer Haltung vor dem 1. Bootshaus<\/div>\n<div>&nbsp;<\/div>\n<p>Der Bootspark bestand Ende 1885 aus vier Booten und die Mitgliederzahl betrug 29. Auch das Wanderrudern wurde eifrig gepflegt, es wurden bei 185 Fahrten 1036 Kilometer gerudert. Eine gr\u00f6\u00dfere Fahrt f\u00fchrte nach Magdeburg.<\/p>\n<p>Der 14. August 1887 war f\u00fcr den WRV ein Pechtag. Mit gro\u00dfen Hoffnungen wollte man an der auf dem \u201eSalzigen See\u201c bei Oberlingen stattfindenden 1. nationalen Ruderregatta teilnehmen. Der Rennvierer wurde mit einem Pferdefuhrwerk transportiert. Leider hatte der sch\u00f6ne Vierer in der Dunkelheit mit einem Kirschbaum eine derartige unsanfte Ber\u00fchrung, dass 5 Meter von dem Boot glatt abbrachen und somit nicht gestartet werden konnte. Doch auch die anderen Vereine traf ein Missgeschick, denn grade w\u00e4hrend der Regatta erhob sich ein so orkanartiger Sturm, dass die Ruderer nur mit M\u00fche und Not das sichere Land erreichten und die meisten Boote schwer besch\u00e4digt wurden.<\/p>\n<p>Im Jahre 1887 besiedelte der Verein durch gegenseitiges Austauschen der Flaggen mit dem Ruderclub \u201eNelson\u201c Halle die schon seit zwei Jahren bestehende Freundschaft.<\/p>\n<p>Am 7. Juni 1888 wurde Herr Fritz Kuntze als aktives Mitglied aufgenommen und Anfang 1889 zum 1. Vorsitzenden gew\u00e4hlt. Dieses Amt hat Herr Kuntze 31 Jahre musterhaft und vorbildlich gef\u00fchrt. Seiner gro\u00dfen Hingabe und Treue verdankt der WRV zum gro\u00dfen Teil seinen Aufschwung und sein Emporbl\u00fchen in den ersten Jahrzehnten seines Bestehens<\/p>\n<table align=\"left\">\n<tbody>\n<tr>\n<td><img loading=\"lazy\" decoding=\"async\" src=\"wp-content\/uploads\/2011\/08\/bhaus_kaputt.jpg\" alt=\"\" width=\"368\" height=\"257\" border=\"0\"><\/td>\n<\/tr>\n<\/tbody>\n<\/table>\n<p>&nbsp;<\/p>\n<p>Im November 1890 trat in Wei\u00dfenfels ein in dieser H\u00f6he noch nicht erlebtes Hochwasser auf, welches das Bootshaus zerst\u00f6rte und Besch\u00e4digungen an den Booten verursachte. Trotz gro\u00dfer finanzieller Probleme war Ende 1891 der Schaden behoben und ein neues Bootshaus an gleicher Stelle wiederaufgebaut.<\/p>\n<p>Auf Anregung des 1. Vorsitzenden, F. Kuntze, wurde Anfang 1892 ein Saale -Regattaverband gegr\u00fcndet. Die erste Regatta richtete durch Losentscheid Calbe aus, wo der WRV ohne Erfolg startete. 1893 fand die Regatta in Wei\u00dfenfels statt, zu der 7 Vereine gemeldet hatten. Die Rennstrecke, 2000 Meter stromab lag zwischen Uichteritz und Beuditz. Der WRV siegte im Zweier f\u00fcr Junioren und im Vierer. Die Ausrichtung der Regatta ergab einen \u00dcberschuss in H\u00f6he von 104 Mark.<\/p>\n<p><img loading=\"lazy\" decoding=\"async\" src=\"wp-content\/uploads\/2011\/08\/regatta1893.jpg\" alt=\"\" width=\"257\" height=\"347\" border=\"0\"><\/p>\n<div class=\"caption\">30. Juli 1893: II. Saaleverbands-Ruder-Regatta<br \/>\nErnst Schreyer, Fritz Kuntze, Stm. Arno Landmann<\/div>\n","protected":false},"excerpt":{"rendered":"<p>1886 &#8211; 1900 Im Jahr 1886 startete in Wei\u00dfenfels die erste Regatta, bei der 2 Siege durch einheimische Ruderer im Gig-Zweier gegen Calbe und im Rennvierer gegen Halle errungen wurden. Am 5. August 1886 trat der Verein dem Deutschen Ruderverband bei. Vierer in stolzer Haltung vor dem 1. Bootshaus &nbsp; Der Bootspark bestand Ende 1885 [&hellip;]<\/p>\n","protected":false},"author":13,"featured_media":0,"parent":0,"menu_order":2,"comment_status":"closed","ping_status":"closed","template":"","meta":{"ngg_post_thumbnail":0,"footnotes":""},"class_list":["post-8791","page","type-page","status-publish","hentry"],"_links":{"self":[{"href":"http:\/\/www.wrv-rudern.de\/index.php?rest_route=\/wp\/v2\/pages\/8791","targetHints":{"allow":["GET"]}}],"collection":[{"href":"http:\/\/www.wrv-rudern.de\/index.php?rest_route=\/wp\/v2\/pages"}],"about":[{"href":"http:\/\/www.wrv-rudern.de\/index.php?rest_route=\/wp\/v2\/types\/page"}],"author":[{"embeddable":true,"href":"http:\/\/www.wrv-rudern.de\/index.php?rest_route=\/wp\/v2\/users\/13"}],"replies":[{"embeddable":true,"href":"http:\/\/www.wrv-rudern.de\/index.php?rest_route=%2Fwp%2Fv2%2Fcomments&post=8791"}],"version-history":[{"count":5,"href":"http:\/\/www.wrv-rudern.de\/index.php?rest_route=\/wp\/v2\/pages\/8791\/revisions"}],"predecessor-version":[{"id":10333,"href":"http:\/\/www.wrv-rudern.de\/index.php?rest_route=\/wp\/v2\/pages\/8791\/revisions\/10333"}],"wp:attachment":[{"href":"http:\/\/www.wrv-rudern.de\/index.php?rest_route=%2Fwp%2Fv2%2Fmedia&parent=8791"}],"curies":[{"name":"wp","href":"https:\/\/api.w.org\/{rel}","templated":true}]}}