{"id":8772,"date":"2019-05-15T13:09:13","date_gmt":"2019-05-15T12:09:13","guid":{"rendered":"http:\/\/www.wrv-rudern.de\/?page_id=8772"},"modified":"2023-01-09T14:26:11","modified_gmt":"2023-01-09T13:26:11","slug":"die-gruendung-des-weissenfelser-rudervereins","status":"publish","type":"page","link":"http:\/\/www.wrv-rudern.de\/?page_id=8772","title":{"rendered":"Die Gr\u00fcndung des Wei\u00dfenfelser Rudervereins"},"content":{"rendered":"<p><strong>1884 &#8211; 1885<\/strong><\/p>\n<p>Im Jahre 1884 erschien im \u201eWei\u00dfenfelser Kreisblatt\u201c folgende Annonce:<img loading=\"lazy\" decoding=\"async\" src=\"wp-content\/uploads\/2011\/08\/annonce.jpg\" alt=\"\" width=\"353\" height=\"131\" border=\"0\"><\/p>\n<p>Der Urheber derselben war Herr Eisbahn- Assistent Carl Zechendorf. Auf seine Annonce hin meldeten sich die Herren Albert Mund und Paul Billhardt. Diese drei Herren kamen im Restaurant \u201eBad\u201c (in der N\u00e4he der Br\u00fcckenm\u00fchlschleuse) zusammen und beschlossen, die Gr\u00fcndung eines Rudervereins provisorisch zu versuchen. Jeder der drei Herren bekam ein Amt: Herr Mund als Vorsitzender, Herr Zechendorf als Schriftf\u00fchrer und Herr Billhardt als Kassierer. Es wurde ein Zirkular zur Werbung von Mitgliedern in Umlauf gesetzt und f\u00fcr den 9.Juli 1884 im \u201eBad\u201c eine Hauptversammlung einberufen, zu der sich dann noch die Herren Ledermann, Hartmann, Sch\u00e4fer und Schulze einfanden. Diese sieben Rudersportbegeisterten wandelten das Provisorium in eine feste Gr\u00fcndung um: Der Wei\u00dfenfelser Ruderverein von 1884 e.V. war aus der Taufe gehoben.<\/p>\n<p>Bald kamen weitere Mitglieder dazu, so dass durch Spenden und Beitr\u00e4ge am 16. November 1884 vom Ruderclub \u201eNelson\u201c Halle f\u00fcr 300 Mark ein Sechser mit festem Sitz und an der Bordwand eingelassenen Dollen f\u00fcr die Riemen angeschafft werden konnte. Das Boot war im Lagerschuppen des Schleusenmeisters der Badschleuse untergebracht und wurde am 11. April 1885 auf den Namen M\u00f6we getauft. Damals nahm der Ruderverein nur erwachsene M\u00e4nner auf, die vor allem dem b\u00fcrgerlichen Stande angeh\u00f6rten: Beamte, mittlere und h\u00f6here Angestellte, Kaufleute.<\/p>\n<p>1885 hatte man bereits den Ehrgeiz, auch an Regatten teilzunehmen. Dazu wurde der Rennvierer \u201eBlitz\u201c angeschafft. Das Boot wurde voll Stolz und Freude zu Wasser gebracht, von braven Ruderern bemannt und sollte nun vor dem Vorsitzenden Parade fahren. Der Steuermann kommandierte schneidig \u201eRiemen hoch\u201c -wie das bei Gigbooten \u00fcblich war-, und der \u201eBlitz\u201c machte seinem Namen alle Ehre, denn blitzschnell sausten die Ruderer ins Wasser und konnten den am Ufer stehenden Ruderkameraden nur ihre Schwimmk\u00fcnste zeigen. Das sch\u00f6ne Boot war stark besch\u00e4digt. Der Unterschied zwischen dem Rudern im breiten Tourenboot und dem Rennvierer war doch zu gro\u00df. Unter Anleitung von Ruderkameraden des befreundeten Ruderclubs \u201eNelson\u201c Halle wurde aber bald das Rudern im Rennvierer beherrscht. Ein Bootsbauer dieses Clubs reparierte fachm\u00e4nnisch das kaputte Boot.<\/p>\n<p>Da der Rennvierer nicht mehr beim Schleusenmeister untergebracht werden konnte, entschloss man sich zum Bau eines Bootshauses. Am \u201eBad\u201c wurde ein St\u00fcck Wiese gepachtet und ein Bootshaus aus einfachem Holzwerk erbaut. Mit dem ersten Stiftungsfest am 1. Juli 1885 wurde dieses erste Bootshaus unseres Vereins eingeweiht.<\/p>\n<p><img loading=\"lazy\" decoding=\"async\" src=\"wp-content\/uploads\/2011\/08\/1stbhaus.jpg\" alt=\"\" width=\"446\" height=\"247\" border=\"0\"><\/p>\n<div class=\"caption\">Erstes Bootshaus am &#8222;Bad&#8220;: 1885-1901<\/div>\n","protected":false},"excerpt":{"rendered":"<p>1884 &#8211; 1885 Im Jahre 1884 erschien im \u201eWei\u00dfenfelser Kreisblatt\u201c folgende Annonce: Der Urheber derselben war Herr Eisbahn- Assistent Carl Zechendorf. Auf seine Annonce hin meldeten sich die Herren Albert Mund und Paul Billhardt. Diese drei Herren kamen im Restaurant \u201eBad\u201c (in der N\u00e4he der Br\u00fcckenm\u00fchlschleuse) zusammen und beschlossen, die Gr\u00fcndung eines Rudervereins provisorisch zu [&hellip;]<\/p>\n","protected":false},"author":13,"featured_media":0,"parent":0,"menu_order":1,"comment_status":"closed","ping_status":"closed","template":"","meta":{"ngg_post_thumbnail":0,"footnotes":""},"class_list":["post-8772","page","type-page","status-publish","hentry"],"_links":{"self":[{"href":"http:\/\/www.wrv-rudern.de\/index.php?rest_route=\/wp\/v2\/pages\/8772","targetHints":{"allow":["GET"]}}],"collection":[{"href":"http:\/\/www.wrv-rudern.de\/index.php?rest_route=\/wp\/v2\/pages"}],"about":[{"href":"http:\/\/www.wrv-rudern.de\/index.php?rest_route=\/wp\/v2\/types\/page"}],"author":[{"embeddable":true,"href":"http:\/\/www.wrv-rudern.de\/index.php?rest_route=\/wp\/v2\/users\/13"}],"replies":[{"embeddable":true,"href":"http:\/\/www.wrv-rudern.de\/index.php?rest_route=%2Fwp%2Fv2%2Fcomments&post=8772"}],"version-history":[{"count":7,"href":"http:\/\/www.wrv-rudern.de\/index.php?rest_route=\/wp\/v2\/pages\/8772\/revisions"}],"predecessor-version":[{"id":10348,"href":"http:\/\/www.wrv-rudern.de\/index.php?rest_route=\/wp\/v2\/pages\/8772\/revisions\/10348"}],"wp:attachment":[{"href":"http:\/\/www.wrv-rudern.de\/index.php?rest_route=%2Fwp%2Fv2%2Fmedia&parent=8772"}],"curies":[{"name":"wp","href":"https:\/\/api.w.org\/{rel}","templated":true}]}}