{"id":7007,"date":"2017-05-05T08:07:17","date_gmt":"2017-05-05T07:07:17","guid":{"rendered":"http:\/\/www.wrv-rudern.de\/?page_id=7007"},"modified":"2022-09-14T21:20:31","modified_gmt":"2022-09-14T20:20:31","slug":"presse","status":"publish","type":"page","link":"http:\/\/www.wrv-rudern.de\/?page_id=7007","title":{"rendered":"Presse"},"content":{"rendered":"<div id=\"attachment_10192\" style=\"width: 189px\" class=\"wp-caption alignnone\"><a href=\"http:\/\/www.wrv-rudern.de\/wp-content\/uploads\/2022\/09\/MZ-10.11.10-2b-scaled.jpg\"><img loading=\"lazy\" decoding=\"async\" aria-describedby=\"caption-attachment-10192\" class=\"size-medium wp-image-10192\" src=\"http:\/\/www.wrv-rudern.de\/wp-content\/uploads\/2022\/09\/MZ-10.11.10-2b-179x300.jpg\" alt=\"\" width=\"179\" height=\"300\" srcset=\"http:\/\/www.wrv-rudern.de\/wp-content\/uploads\/2022\/09\/MZ-10.11.10-2b-179x300.jpg 179w, http:\/\/www.wrv-rudern.de\/wp-content\/uploads\/2022\/09\/MZ-10.11.10-2b-611x1024.jpg 611w, http:\/\/www.wrv-rudern.de\/wp-content\/uploads\/2022\/09\/MZ-10.11.10-2b-768x1286.jpg 768w, http:\/\/www.wrv-rudern.de\/wp-content\/uploads\/2022\/09\/MZ-10.11.10-2b-917x1536.jpg 917w, http:\/\/www.wrv-rudern.de\/wp-content\/uploads\/2022\/09\/MZ-10.11.10-2b-1223x2048.jpg 1223w, http:\/\/www.wrv-rudern.de\/wp-content\/uploads\/2022\/09\/MZ-10.11.10-2b-624x1045.jpg 624w, http:\/\/www.wrv-rudern.de\/wp-content\/uploads\/2022\/09\/MZ-10.11.10-2b-scaled.jpg 1529w\" sizes=\"auto, (max-width: 179px) 100vw, 179px\" \/><\/a><p id=\"caption-attachment-10192\" class=\"wp-caption-text\">MZ vom 10.\/11.10.2022<\/p><\/div>\n<p><a href=\"http:\/\/www.wrv-rudern.de\/wp-content\/uploads\/2021\/10\/MZ-1.10.2021-Befreundete-Rivalen-scaled.jpg\"><img loading=\"lazy\" decoding=\"async\" class=\"alignnone size-medium wp-image-9760\" src=\"http:\/\/www.wrv-rudern.de\/wp-content\/uploads\/2021\/10\/MZ-1.10.2021-Befreundete-Rivalen-224x300.jpg\" alt=\"\" width=\"224\" height=\"300\" srcset=\"http:\/\/www.wrv-rudern.de\/wp-content\/uploads\/2021\/10\/MZ-1.10.2021-Befreundete-Rivalen-224x300.jpg 224w, http:\/\/www.wrv-rudern.de\/wp-content\/uploads\/2021\/10\/MZ-1.10.2021-Befreundete-Rivalen-765x1024.jpg 765w, http:\/\/www.wrv-rudern.de\/wp-content\/uploads\/2021\/10\/MZ-1.10.2021-Befreundete-Rivalen-768x1028.jpg 768w, http:\/\/www.wrv-rudern.de\/wp-content\/uploads\/2021\/10\/MZ-1.10.2021-Befreundete-Rivalen-1148x1536.jpg 1148w, http:\/\/www.wrv-rudern.de\/wp-content\/uploads\/2021\/10\/MZ-1.10.2021-Befreundete-Rivalen-1530x2048.jpg 1530w, http:\/\/www.wrv-rudern.de\/wp-content\/uploads\/2021\/10\/MZ-1.10.2021-Befreundete-Rivalen-624x835.jpg 624w, http:\/\/www.wrv-rudern.de\/wp-content\/uploads\/2021\/10\/MZ-1.10.2021-Befreundete-Rivalen-scaled.jpg 1913w\" sizes=\"auto, (max-width: 224px) 100vw, 224px\" \/>MZ 1.10.2021<\/a><\/p>\n<p><a href=\"http:\/\/www.wrv-rudern.de\/wp-content\/uploads\/2017\/05\/MZ-04.05.17-Sehr-stark-zum-Saisonauftakt.docx\">MZ 04.05.17 Sehr stark zum Saisonauftakt<\/a><\/p>\n<p><a href=\"http:\/\/www.wrv-rudern.de\/wp-content\/uploads\/2010\/11\/MZ-02.03.17-Bestleistungen-purzeln-auf-Ergometer.pdf\">MZ 02.03.17 Bestleistungen purzeln auf Ergometer<\/a><\/p>\n<p><a href=\"http:\/\/www.wrv-rudern.de\/wp-content\/uploads\/2010\/11\/MZ-23.02.17-Charlotte-Luster-Sportlerwahl-2016.pdf\">MZ 23.02.17 Charlotte Luster &#8211; Sportlerwahl 2016<\/a><\/p>\n<p><a href=\"http:\/\/www.wrv-rudern.de\/wp-content\/uploads\/2010\/11\/MZ-09.01.17-Gl\u00fchwein-und-Tee-zum-Aufw\u00e4rmen.pdf\">MZ 09.01.17 Gl\u00fchwein und Tee zum Aufw\u00e4rmen<\/a><\/p>\n<p><a href=\"http:\/\/www.wrv-rudern.de\/wp-content\/uploads\/2010\/11\/MZ-27.01.17-Hartes-Training-im-Winter-schl\u00e4gt-an.pdf\">MZ 27.01.17 Hartes Training im Winter schl\u00e4gt an<\/a><\/p>\n<p><a href=\"http:\/\/www.wrv-rudern.de\/wp-content\/uploads\/2010\/11\/MZ-28.09.16-Auf-den-Spuren-von-Hajek.pdf\">mz-28-09-16-auf-den-spuren-von-hajek<\/a><\/p>\n<p><a href=\"http:\/\/www.wrv-rudern.de\/wp-content\/uploads\/2010\/11\/MZ-15.09.16-WRV-Talente-schneiden-gl\u00e4nzend-ab.pdf\">mz-15-09-16-wrv-talente-schneiden-glaenzend-ab<\/a><\/p>\n<p><a href=\"http:\/\/www.wrv-rudern.de\/wp-content\/uploads\/2010\/11\/MZ-26.08.16-Freude-\u00fcber-ein-Geschenk-aus-Z\u00fcrich.pdf\">mz-26-08-16-freude-ueber-ein-geschenk-aus-zuerich<\/a><\/p>\n<p><a href=\"http:\/\/www.wrv-rudern.de\/wp-content\/uploads\/2010\/11\/MZ-05.07.2016-Vom-Winde-verweht.pdf\">MZ 05.07.2016 Vom Winde verweht<\/a><\/p>\n<p><a href=\"http:\/\/www.wrv-rudern.de\/wp-content\/uploads\/2010\/11\/MZ-01.07.16-WRV-stellt-gr\u00f6\u00dftes-Aufgebot.pdf\">MZ 01.07.16 WRV stellt gr\u00f6\u00dftes Aufgebot<\/a><\/p>\n<p><a href=\"http:\/\/www.wrv-rudern.de\/wp-content\/uploads\/2010\/11\/MZ-06.29.16-Talent-gepaart-mit-Ehrgeiz.pdf\">MZ 06.29.16 Talent gepaart mit Ehrgeiz<\/a><a href=\"http:\/\/www.wrv-rudern.de\/wp-content\/uploads\/2010\/11\/MZ-15.06.16-Charlotte-verwandelt-sich-in-Goldmarie.pdf\">MZ 15.06.16 Charlotte verwandelt sich in Goldmarie<\/a><\/p>\n<p><a href=\"http:\/\/www.wrv-rudern.de\/wp-content\/uploads\/2010\/11\/MZ-09.06.16-Nachwuchs-geht-auf-Titeljagt.pdf\">MZ 09.06.16 Nachwuchs geht auf Titeljagt<\/a><\/p>\n<p><a href=\"http:\/\/www.wrv-rudern.de\/wp-content\/uploads\/2010\/11\/MZ-24.05.16-Geld-f\u00fcr-ein-neues-Einerboot.pdf\">MZ 24.05.16 Geld f\u00fcr ein neues Einerboot<\/a><\/p>\n<p><a href=\"http:\/\/www.wrv-rudern.de\/wp-content\/uploads\/2010\/11\/MZ-06.05.16-Doppelvierer-der-M\u00e4dchen-dominiert.pdf\">MZ 06.05.16 Doppelvierer der M\u00e4dchen dominiert<\/a><\/p>\n<p><a href=\"http:\/\/www.wrv-rudern.de\/wp-content\/uploads\/2010\/11\/MZ-27.04.16-Wei\u00dfenfelser-Talente-feiern-15-Siege.pdf\">MZ 27.04.16 Wei\u00dfenfelser Talente feiern 15 Siege<\/a><\/p>\n<p><a href=\"http:\/\/www.wrv-rudern.de\/wp-content\/uploads\/2010\/11\/MZ-14.04.16-WRV-Trio-am-Siegersteg.pdf\">MZ 14.04.16 WRV-Trio am Siegersteg<\/a><\/p>\n<p><a href=\"http:\/\/www.wrv-rudern.de\/wp-content\/uploads\/2010\/11\/MZ-04.04.16-Schmidt-k\u00e4mpft-um-Olympia-Ticket.pdf\">MZ 04.04.16 Schmidt k\u00e4mpft um Olympia-Ticket<\/a><\/p>\n<p><a href=\"http:\/\/www.wrv-rudern.de\/wp-content\/uploads\/2010\/11\/MZ-10.03.16-Drei-Titel-f\u00fcr-den-Wei\u00dfenfelser-Nachwuchs.pdf\">MZ 10.03.16 Drei Titel f\u00fcr den Wei\u00dfenfelser Nachwuchs<\/a><\/p>\n<p><a href=\"http:\/\/www.wrv-rudern.de\/wp-content\/uploads\/2010\/11\/MZ-03.03.16-WRV-Talente-k\u00e4mpfen-in-Leipzig-um-Edelmetall.pdf\">MZ 03.03.16 WRV-Talente k\u00e4mpfen in Leipzig um Edelmetall<\/a><\/p>\n<p><a href=\"http:\/\/www.wrv-rudern.de\/wp-content\/uploads\/2010\/11\/MZ-25.02.16-Ein-neues-Ruderboot-f\u00fcr-den-Nachwuchs.pdf\">MZ 25.02.16 Ein neues Ruderboot f\u00fcr den Nachwuchs<\/a><\/p>\n<p><a href=\"http:\/\/www.wrv-rudern.de\/wp-content\/uploads\/2010\/11\/MZ-25.-2.16-Auf-Hajeks-Spuren.pdf\">MZ 25. 2.16 Auf Hajeks Spuren<\/a><\/p>\n<p><a href=\"http:\/\/www.wrv-rudern.de\/wp-content\/uploads\/2010\/11\/MZ-25.02.16-Viele-Bestleistungen-auf-dem-Ergometer.pdf\">MZ 25.02.16 Viele Bestleistungen auf dem Ergometer<\/a><\/p>\n<p><a href=\"http:\/\/www.wrv-rudern.de\/wp-content\/uploads\/2010\/11\/MZ-22.02.16-Ruderer-tummeln-sich-im-Schnee.pdf\">MZ 22.02.16 Ruderer tummeln sich im Schnee<\/a><\/p>\n<p><a href=\"http:\/\/www.wrv-rudern.de\/wp-content\/uploads\/2010\/11\/MZ-20.02.16-Stadtwerke-Cup.pdf\">MZ 20.02.16 Stadtwerke-Cup<\/a><\/p>\n<p><a href=\"http:\/\/www.wrv-rudern.de\/wp-content\/uploads\/2010\/11\/MZ-18.02.16-Mit-unb\u00e4ndigem-Ehrgeiz.pdf\">MZ 18.02.16 Mit unb\u00e4ndigem Ehrgeiz<\/a><\/p>\n<p><a href=\"http:\/\/www.wrv-rudern.de\/wp-content\/uploads\/2010\/11\/MZ-16.12.2015-Extrem-emotionaler-Wettkampf.pdf\">MZ 16.12.2015 Extrem emotionaler Wettkampf<\/a><\/p>\n<p><a href=\"http:\/\/www.wrv-rudern.de\/wp-content\/uploads\/2010\/11\/EU-SWW-16.12.2015-Naumburg-gewinnt-Ruderwette.pdf\">E&amp;U SWW 16.12.2015 Naumburg gewinnt Ruderwette<\/a><\/p>\n<p><a href=\"http:\/\/www.wrv-rudern.de\/wp-content\/uploads\/2010\/11\/MZ-22.-September-2015-WRV-Talente-trumpfen-bei-Herbstregatta-auf1.pdf\">MZ 22. September 2015 WRV-Talente trumpfen bei Herbstregatta auf<\/a><\/p>\n<p><a href=\"http:\/\/www.wrv-rudern.de\/wp-content\/uploads\/2010\/11\/MZ-03.11.2015-Im-erlauchten-Olympia-Kreis.pdf\">MZ 03.11.2015 Im erlauchten Olympia-Kreis<\/a><\/p>\n<p><a href=\"http:\/\/www.wrv-rudern.de\/wp-content\/uploads\/2010\/11\/MZ-28.11.-2015-Michaela-Schmidt-zieht-voll-durch.pdf\">MZ 28.11. 2015 Michaela Schmidt zieht voll durch<\/a><\/p>\n<p><a href=\"http:\/\/www.wrv-rudern.de\/wp-content\/uploads\/2010\/11\/MZ-14.-November-2015-Zwei-Erfolge-zum-Saisonfinale-f\u00fcr-WRV.pdf\">MZ 14. November 2015 Zwei Erfolge zum Saisonfinale f\u00fcr WRV<\/a><\/p>\n<p><a href=\"http:\/\/www.wrv-rudern.de\/wp-content\/uploads\/2010\/11\/MZ-15.-Oktober-2015-Neuer-Steg-schm\u00fcckt-Vereinsgel\u00e4nde.pdf\">MZ 15. Oktober 2015 Neuer Steg schm\u00fcckt Vereinsgel\u00e4nde<\/a><\/p>\n<p><a href=\"http:\/\/www.wrv-rudern.de\/wp-content\/uploads\/2010\/11\/MZ-12.-Oktober-2015-Von-Havelberg-bis-D\u00fcsseldorf.pdf\">MZ 12. Oktober 2015 Von Havelberg bis D\u00fcsseldorf<\/a><\/p>\n<p><a href=\"http:\/\/www.wrv-rudern.de\/wp-content\/uploads\/2010\/11\/MZ-10.-Oktober-2015-WRV-Talente-stehen-vor-H\u00e4rtetest.pdf\">MZ 10. Oktober 2015 WRV-Talente stehen vor H\u00e4rtetest<\/a><\/p>\n<p><a href=\"http:\/\/www.wrv-rudern.de\/wp-content\/uploads\/2010\/11\/MZ-26.-September-2015-In-Vergessenheit-geraten.pdf\">MZ 26. September 2015 In Vergessenheit geraten<\/a><\/p>\n<p><a href=\"http:\/\/www.wrv-rudern.de\/wp-content\/uploads\/2010\/11\/MZ-22.-September-2015-WRV-Talente-trumpfen-bei-Herbstregatta-auf.pdf\">MZ 22. September 2015 WRV-Talente trumpfen bei Herbstregatta auf<\/a><\/p>\n<p><a href=\"http:\/\/www.wrv-rudern.de\/wp-content\/uploads\/2010\/11\/MZ-17.-September-2015-Der-Sport-l\u00e4sst-in-nicht-los.pdf\">MZ 17. September 2015 Der Sport l\u00e4sst in nicht los<\/a><\/p>\n<p><a href=\"http:\/\/www.wrv-rudern.de\/wp-content\/uploads\/2010\/11\/MZ-27.-August-2015-Liebe-auf-den-ersten-Blick.........pdf\">MZ 27. August 2015 Liebe auf den ersten Blick&#8230;&#8230;..<\/a><\/p>\n<p><a href=\"http:\/\/www.wrv-rudern.de\/wp-content\/uploads\/2010\/11\/MZ-14.-August-2015-Auf-H\u00e4nden-getragen.pdf\">MZ 14. August 2015 Auf H\u00e4nden getragen<\/a><\/p>\n<p><a href=\"http:\/\/www.wrv-rudern.de\/wp-content\/uploads\/2010\/11\/MZ-13.-August-2015-Jubilarin-Dagmar-Ritter-......pdf\">MZ 13. August 2015 Jubilarin Dagmar Ritter &#8230;..<\/a><\/p>\n<p><a href=\"http:\/\/www.wrv-rudern.de\/wp-content\/uploads\/2010\/11\/MZ-16.-Juli-2015-\u00dcber-Halle-zu-Olympia.pdf\">MZ 16. Juli 2015 \u00dcber Halle zu Olympia<\/a><\/p>\n<p><a href=\"http:\/\/www.wrv-rudern.de\/wp-content\/uploads\/2010\/11\/MZ-15.-Juli-2015-Wer-sein-Boot-liebt.......pdf\">MZ 15. Juli 2015 Wer sein Boot liebt,&#8230;&#8230;<\/a><\/p>\n<p><a href=\"http:\/\/www.wrv-rudern.de\/wp-content\/uploads\/2010\/11\/MZ-15.-Juli-2015-Erneut-das-A-Finale-verpasst.pdf\">MZ 15. Juli 2015 Erneut das A-Finale verpasst<\/a><\/p>\n<p><a href=\"http:\/\/www.wrv-rudern.de\/wp-content\/uploads\/2010\/11\/MZ-17.-Juli-2015-Wei\u00dfenfelser-werden-gro\u00dfz\u00fcgig-unterst\u00fctzt.pdf\">MZ 17. Juli 2015 Wei\u00dfenfelser werden gro\u00dfz\u00fcgig unterst\u00fctzt<\/a><\/p>\n<p><a href=\"http:\/\/www.wrv-rudern.de\/wp-content\/uploads\/2010\/11\/MZ-10.-Juli-2015-Hochbetrieb-am-Wei\u00dfenfelser-Bootshaus.pdf\">MZ 10. Juli 2015 Hochbetrieb am Wei\u00dfenfelser Bootshaus<\/a><\/p>\n<p><a href=\"http:\/\/www.wrv-rudern.de\/wp-content\/uploads\/2010\/11\/MZ-08.07.2015-Nachwuchs-gl\u00e4nzt-auf-Bundesebene.pdf\">MZ 08.07.2015 Nachwuchs gl\u00e4nzt auf Bundesebene<\/a><\/p>\n<p><a href=\"http:\/\/www.wrv-rudern.de\/wp-content\/uploads\/2010\/11\/MZ-09.07.2015-Neuer-Anlauf-auf-dem-Rotsee.pdf\">MZ 09.07.2015 Neuer Anlauf auf dem Rotsee<\/a><\/p>\n<p><a href=\"http:\/\/www.wrv-rudern.de\/wp-content\/uploads\/2010\/11\/MZ-17.-Juni-2015-Wei\u00dfenfelser-holen-f\u00fcnfzehn-Landesmeister.pdf\">MZ 17. Juni 2015 Wei\u00dfenfelser holen f\u00fcnfzehn Landesmeister<\/a><\/p>\n<p><a href=\"http:\/\/www.wrv-rudern.de\/wp-content\/uploads\/2010\/11\/MZ-4-Mai-2015-Bernburger-Regatta.pdf\">MZ 4 Mai 2015 Bernburger Regatta<\/a><\/p>\n<p><a href=\"http:\/\/www.wrv-rudern.de\/wp-content\/uploads\/2010\/11\/MZ-21.-Mai-2015-Medaillenfest-f\u00fcr-Nachwuchssportler.pdf\">MZ 21. Mai 2015 Medaillenfest f\u00fcr Nachwuchssportler<\/a><\/p>\n<p><a href=\"http:\/\/www.wrv-rudern.de\/wp-content\/uploads\/2010\/11\/MZ-04.-Juni-2015-Rudern-f\u00fcr-den-guten-Zweck.pdf\">MZ 04. Juni 2015 Rudern f\u00fcr den guten Zweck<\/a><\/p>\n<p><a href=\"http:\/\/www.wrv-rudern.de\/wp-content\/uploads\/2010\/11\/MZ-12.Mai-2015-Von-der-Saale-auf-den-Rhein.pdf\">MZ 12.Mai 2015 Von der Saale auf den Rhein<\/a><\/p>\n<p><a href=\"http:\/\/www.wrv-rudern.de\/wp-content\/uploads\/2010\/11\/MZ-21.-Mai-2015-Wechselspiele-vor-der-EM.pdf\">MZ 21. Mai 2015-Wechselspiele vor der EM<\/a><\/p>\n<p><a href=\"http:\/\/www.wrv-rudern.de\/wp-content\/uploads\/2010\/11\/MZ-11.-Mai-2015-Brandenburger-Regatta.pdf\">MZ 11. Mai 2015 Brandenburger Regatta<\/a><\/p>\n<p>&nbsp;<\/p>\n<p>&nbsp;<\/p>\n<p>&nbsp;<\/p>\n<p>&nbsp;<\/p>\n<p>&nbsp;<\/p>\n","protected":false},"excerpt":{"rendered":"<p>MZ 1.10.2021 MZ 04.05.17 Sehr stark zum Saisonauftakt MZ 02.03.17 Bestleistungen purzeln auf Ergometer MZ 23.02.17 Charlotte Luster &#8211; Sportlerwahl 2016 MZ 09.01.17 Gl\u00fchwein und Tee zum Aufw\u00e4rmen MZ 27.01.17 Hartes Training im Winter schl\u00e4gt an mz-28-09-16-auf-den-spuren-von-hajek mz-15-09-16-wrv-talente-schneiden-glaenzend-ab mz-26-08-16-freude-ueber-ein-geschenk-aus-zuerich MZ 05.07.2016 Vom Winde verweht MZ 01.07.16 WRV stellt gr\u00f6\u00dftes Aufgebot MZ 06.29.16 Talent gepaart mit [&hellip;]<\/p>\n","protected":false},"author":12,"featured_media":0,"parent":0,"menu_order":0,"comment_status":"closed","ping_status":"closed","template":"","meta":{"ngg_post_thumbnail":0,"footnotes":""},"class_list":["post-7007","page","type-page","status-publish","hentry"],"_links":{"self":[{"href":"http:\/\/www.wrv-rudern.de\/index.php?rest_route=\/wp\/v2\/pages\/7007","targetHints":{"allow":["GET"]}}],"collection":[{"href":"http:\/\/www.wrv-rudern.de\/index.php?rest_route=\/wp\/v2\/pages"}],"about":[{"href":"http:\/\/www.wrv-rudern.de\/index.php?rest_route=\/wp\/v2\/types\/page"}],"author":[{"embeddable":true,"href":"http:\/\/www.wrv-rudern.de\/index.php?rest_route=\/wp\/v2\/users\/12"}],"replies":[{"embeddable":true,"href":"http:\/\/www.wrv-rudern.de\/index.php?rest_route=%2Fwp%2Fv2%2Fcomments&post=7007"}],"version-history":[{"count":10,"href":"http:\/\/www.wrv-rudern.de\/index.php?rest_route=\/wp\/v2\/pages\/7007\/revisions"}],"predecessor-version":[{"id":10193,"href":"http:\/\/www.wrv-rudern.de\/index.php?rest_route=\/wp\/v2\/pages\/7007\/revisions\/10193"}],"wp:attachment":[{"href":"http:\/\/www.wrv-rudern.de\/index.php?rest_route=%2Fwp%2Fv2%2Fmedia&parent=7007"}],"curies":[{"name":"wp","href":"https:\/\/api.w.org\/{rel}","templated":true}]}}