{"id":10366,"date":"2023-01-10T10:28:12","date_gmt":"2023-01-10T09:28:12","guid":{"rendered":"http:\/\/www.wrv-rudern.de\/?page_id=10366"},"modified":"2023-01-10T11:55:55","modified_gmt":"2023-01-10T10:55:55","slug":"geschichte","status":"publish","type":"page","link":"http:\/\/www.wrv-rudern.de\/?page_id=10366","title":{"rendered":"Geschichte"},"content":{"rendered":"<h2><span style=\"color: #0000ff;\"><strong>Geschichte des Wei\u00dfenfelser Rudervereins&nbsp; <\/strong>1884 bis heute<\/span><\/h2>\n<h5>1884 &#8211; 1885&nbsp;&nbsp;<strong>Die Gr\u00fcndung des Wei\u00dfenfelser Rudervereins<\/strong><\/h5>\n<h5>1886 &#8211; 1900&nbsp;&nbsp;<strong>H\u00f6hen und Tiefen des Vereins in den ersten Jahren<\/strong><\/h5>\n<h5>1901 &#8211; 1918&nbsp;&nbsp;<strong>Neues Bootshaus und Frauenabteilung als Neuerung<\/strong><\/h5>\n<h5>1919 &#8211; 1933&nbsp;&nbsp;<strong>Planung und Bau des heutigen Bootshauses<\/strong><\/h5>\n<h2><span style=\"color: #0000ff;\">Neubeginn des Wei\u00dfenfelser Rudersport<\/span><\/h2>\n<h5><span style=\"font-size: 1rem;\">1945 -1949&nbsp; <\/span><strong style=\"font-size: 1rem;\">\u201eNeuanfang\u201c nach \u201945&nbsp; &nbsp;<\/strong><\/h5>\n<h5>1950 -1989&nbsp;&nbsp;<strong>Rennrudern Teil I<\/strong><\/h5>\n<h5><strong>&nbsp; &nbsp; &nbsp; &nbsp; &nbsp; &nbsp; &nbsp; &nbsp; &nbsp; &nbsp; &nbsp; Rennrudern Teil II<\/strong><\/h5>\n<h5><strong>&nbsp; &nbsp; &nbsp; &nbsp; &nbsp; &nbsp; &nbsp; &nbsp; &nbsp; &nbsp; &nbsp; Rennrudern Teil III<\/strong><\/h5>\n<h5><strong>&nbsp; &nbsp; &nbsp; &nbsp; &nbsp; &nbsp; &nbsp; &nbsp; &nbsp; &nbsp; &nbsp; Wanderrudern<\/strong><\/h5>\n<h2><span style=\"color: #0000ff;\">WRV ein zweites Mal aus der Taufe gehoben<\/span><\/h2>\n<h5><strong>1989 \u2013 heute&nbsp; &nbsp;\u2026 nach der Wende&nbsp;<\/strong><\/h5>\n<h5><strong>&nbsp; &nbsp; &nbsp; &nbsp; &nbsp; &nbsp; &nbsp; &nbsp; &nbsp; &nbsp; &nbsp; &nbsp; &nbsp; \u2026materiellen Bedingungen (Bauma\u00dfnahmen)<\/strong><\/h5>\n<h5><strong>&nbsp; &nbsp; &nbsp; &nbsp; &nbsp; &nbsp; &nbsp; &nbsp; &nbsp; &nbsp; &nbsp; &nbsp; &nbsp; &nbsp;Neue Dimensionen beim Wanderrudern \/ Freizeitrudern<\/strong><\/h5>\n<h5><strong>&nbsp; &nbsp; &nbsp; &nbsp; &nbsp; &nbsp; &nbsp; &nbsp; &nbsp; &nbsp; &nbsp; &nbsp; &nbsp; Tradition und Vereinsleben<\/strong><\/h5>\n<h5>&nbsp;<\/h5>\n<p>&nbsp;<\/p>\n<p>&nbsp;<\/p>\n","protected":false},"excerpt":{"rendered":"<p>Geschichte des Wei\u00dfenfelser Rudervereins&nbsp; 1884 bis heute 1884 &#8211; 1885&nbsp;&nbsp;Die Gr\u00fcndung des Wei\u00dfenfelser Rudervereins 1886 &#8211; 1900&nbsp;&nbsp;H\u00f6hen und Tiefen des Vereins in den ersten Jahren 1901 &#8211; 1918&nbsp;&nbsp;Neues Bootshaus und Frauenabteilung als Neuerung 1919 &#8211; 1933&nbsp;&nbsp;Planung und Bau des heutigen Bootshauses Neubeginn des Wei\u00dfenfelser Rudersport 1945 -1949&nbsp; \u201eNeuanfang\u201c nach \u201945&nbsp; &nbsp; 1950 -1989&nbsp;&nbsp;Rennrudern Teil I [&hellip;]<\/p>\n","protected":false},"author":12,"featured_media":0,"parent":0,"menu_order":0,"comment_status":"closed","ping_status":"closed","template":"","meta":{"ngg_post_thumbnail":0,"footnotes":""},"class_list":["post-10366","page","type-page","status-publish","hentry"],"_links":{"self":[{"href":"http:\/\/www.wrv-rudern.de\/index.php?rest_route=\/wp\/v2\/pages\/10366","targetHints":{"allow":["GET"]}}],"collection":[{"href":"http:\/\/www.wrv-rudern.de\/index.php?rest_route=\/wp\/v2\/pages"}],"about":[{"href":"http:\/\/www.wrv-rudern.de\/index.php?rest_route=\/wp\/v2\/types\/page"}],"author":[{"embeddable":true,"href":"http:\/\/www.wrv-rudern.de\/index.php?rest_route=\/wp\/v2\/users\/12"}],"replies":[{"embeddable":true,"href":"http:\/\/www.wrv-rudern.de\/index.php?rest_route=%2Fwp%2Fv2%2Fcomments&post=10366"}],"version-history":[{"count":4,"href":"http:\/\/www.wrv-rudern.de\/index.php?rest_route=\/wp\/v2\/pages\/10366\/revisions"}],"predecessor-version":[{"id":10372,"href":"http:\/\/www.wrv-rudern.de\/index.php?rest_route=\/wp\/v2\/pages\/10366\/revisions\/10372"}],"wp:attachment":[{"href":"http:\/\/www.wrv-rudern.de\/index.php?rest_route=%2Fwp%2Fv2%2Fmedia&parent=10366"}],"curies":[{"name":"wp","href":"https:\/\/api.w.org\/{rel}","templated":true}]}}